{"id":2,"date":"2009-07-31T11:22:53","date_gmt":"2009-07-31T08:22:53","guid":{"rendered":"http:\/\/jml.kapsi.fi\/jussi\/?page_id=2"},"modified":"2026-03-04T16:12:39","modified_gmt":"2026-03-04T14:12:39","slug":"info","status":"publish","type":"page","link":"https:\/\/jml.kapsi.fi\/jussi\/info\/","title":{"rendered":"Blogi-info"},"content":{"rendered":"\n<p class=\"has-extra-large-font-size\">Olen Jussi Linkola, ja <em>Tarkkaamo<\/em> on blogini ja kotisivustoni. (<a href=\"http:\/\/jml.kapsi.fi\/jussi\/info\/en\/\">In English<\/a>.)<\/p>\n\n\n\n<p>Olen verkkoviestij\u00e4, eli suunnittelen ja toteutan monipuolista, tavoitteellista ja vaikuttavaa viestint\u00e4\u00e4 verkon v\u00e4lineit\u00e4 hy\u00f6dynt\u00e4en. T\u00e4m\u00e4 tarkoittaa esimerkiksi verkkosivustojen ja -kurssien rakentamista, sis\u00e4ll\u00f6ntuotantoa ja digity\u00f6kalujen valjastamista yhteistoiminnan, projektity\u00f6n ja oppimisen v\u00e4lineiksi.<\/p>\n\n\n\n<p class=\"has-regular-font-size\">Vapaalla olen ahkera musiikin harrastaja, laulan, soitan steel-kitaraa, huuliharppua ja ukulelea.<\/p>\n\n\n\n<p class=\"has-regular-font-size\">Tarkkaamossa julkaisen kirjoituksia, <a href=\"\/jussi\/category\/oppaat\/\">oppaita<\/a> ja vinkkej\u00e4 kiinnostusteni mukaan, joita ovat esimerkiksi: <a href=\"\/jussi\/category\/etaopetus\/\">et\u00e4opetus<\/a>, <a href=\"\/jussi\/category\/musiikki\/\">musiikki<\/a>, <a href=\"\/jussi\/category\/saavutettavuus\/\">saavutettavuus<\/a> ja <a href=\"\/jussi\/category\/verkkojulkaiseminen\/\">verkkojulkaiseminen<\/a>.<\/p>\n\n\n\n<h2 class=\"wp-block-heading\" id=\"ota-yhteytta\">Yhteys<\/h2>\n\n\n\n<ul class=\"wp-block-list\">\n<li>S\u00e4hk\u00f6posti: <span class=\"contact-mail\">j.linkola@gmail.com<\/span><\/li>\n<\/ul>\n\n\n\n<hr class=\"wp-block-separator has-css-opacity\"\/>\n\n\n\n<h2 class=\"wp-block-heading\" id=\"CC\">Tekij\u00e4noikeus, aineistojen jakaminen ja uudelleenk\u00e4ytt\u00f6<\/h2>\n\n\n\n<p>Kaikki Tarkkaamo-blogin materiaalit, jotka olen itse tuottanut, on julkaistu <a href=\"https:\/\/creativecommons.org\/licenses\/by-sa\/4.0\/deed.fi\">Creative Commons Nime\u00e4-JaaSamoin<\/a> -lisenssill\u00e4 (CC BY-SA) (<a href=\"http:\/\/jml.kapsi.fi\/jussi\/2014\/09\/22\/avoin-sisalto-ja-creative-commons\/\">Lis\u00e4tietoa CC-lisensseist\u00e4<\/a>). T\u00e4m\u00e4 tarkoittaa sit\u00e4, ett\u00e4 voit vapaasti:<\/p>\n\n\n\n<ul class=\"wp-block-list\">\n<li><strong>Jakaa<\/strong>&nbsp;\u2013 kopioida aineistoa ja levitt\u00e4\u00e4 sit\u00e4 edelleen miss\u00e4 tahansa v\u00e4lineess\u00e4 ja muodossa<\/li>\n\n\n\n<li><strong>Muunnella<\/strong>&nbsp;\u2013 remiksata ja muokata aineistoa sek\u00e4 luoda sen pohjalta uusia aineistoja miss\u00e4 tahansa tarkoituksessa, my\u00f6s kaupallisesti.<\/li>\n<\/ul>\n\n\n\n<p><strong>N\u00e4ill\u00e4 ehdoilla:<\/strong><\/p>\n\n\n\n<ul class=\"wp-block-list\">\n<li><strong>Nime\u00e4<\/strong>&nbsp;\u2013&nbsp;Sinun on&nbsp;mainittava l\u00e4hde asianmukaisesti, tarjottava linkki lisenssiin sek\u00e4&nbsp;merkitt\u00e4v\u00e4, mik\u00e4li olet tehnyt muutoksia. Voit tehd\u00e4 yll\u00e4 olevan mill\u00e4 tahansa kohtuullisella tavalla, mutta et siten, ett\u00e4 annat ymm\u00e4rt\u00e4\u00e4 lisenssinantajan suosittelevan sinua tai teoksen k\u00e4ytt\u00f6\u00e4si.<\/li>\n\n\n\n<li><strong>JaaSamoin<\/strong>&nbsp;\u2013 Jos remiksaat tai muokkaat aineistoa taikka luot sen pohjalta uusia aineistoja, sinun on jaettava muutoksiasi&nbsp;samalla lisenssill\u00e4&nbsp;kuin alkuper\u00e4ist\u00e4 aineistoa.<\/li>\n\n\n\n<li><strong>Ei muita rajoituksia<\/strong>&nbsp;\u2013 Et voi asettaa sellaisia oikeudellisia ehtoja tai&nbsp;teknisi\u00e4 estoja, jotka est\u00e4v\u00e4t oikeudellisesti muita tekem\u00e4st\u00e4 mit\u00e4\u00e4n sellaista, mink\u00e4 lisenssi sallii.<\/li>\n<\/ul>\n\n\n\n<figure class=\"wp-block-image aligncenter\" style=\"margin-right:0;margin-left:0\"><img loading=\"lazy\" decoding=\"async\" width=\"120\" height=\"42\" src=\"http:\/\/jml.kapsi.fi\/jussi\/wp-content\/uploads\/2009\/07\/by-sa-120px.png\" alt=\"CC BY-SA\" class=\"wp-image-3354\"\/><\/figure>\n","protected":false},"excerpt":{"rendered":"<p>Olen Jussi Linkola, ja Tarkkaamo on blogini ja kotisivustoni. (In English.) Olen verkkoviestij\u00e4, eli suunnittelen ja toteutan monipuolista, tavoitteellista ja vaikuttavaa viestint\u00e4\u00e4 verkon v\u00e4lineit\u00e4 hy\u00f6dynt\u00e4en. T\u00e4m\u00e4 tarkoittaa esimerkiksi verkkosivustojen ja -kurssien rakentamista, sis\u00e4ll\u00f6ntuotantoa ja digity\u00f6kalujen valjastamista yhteistoiminnan, projektity\u00f6n ja oppimisen v\u00e4lineiksi. Vapaalla olen ahkera musiikin harrastaja, laulan, soitan steel-kitaraa, huuliharppua ja ukulelea. Tarkkaamossa julkaisen kirjoituksia, [&hellip;]<\/p>\n","protected":false},"author":2,"featured_media":0,"parent":0,"menu_order":1,"comment_status":"closed","ping_status":"closed","template":"","meta":{"footnotes":""},"class_list":["post-2","page","type-page","status-publish","hentry"],"_links":{"self":[{"href":"https:\/\/jml.kapsi.fi\/jussi\/wp-json\/wp\/v2\/pages\/2","targetHints":{"allow":["GET"]}}],"collection":[{"href":"https:\/\/jml.kapsi.fi\/jussi\/wp-json\/wp\/v2\/pages"}],"about":[{"href":"https:\/\/jml.kapsi.fi\/jussi\/wp-json\/wp\/v2\/types\/page"}],"author":[{"embeddable":true,"href":"https:\/\/jml.kapsi.fi\/jussi\/wp-json\/wp\/v2\/users\/2"}],"replies":[{"embeddable":true,"href":"https:\/\/jml.kapsi.fi\/jussi\/wp-json\/wp\/v2\/comments?post=2"}],"version-history":[{"count":131,"href":"https:\/\/jml.kapsi.fi\/jussi\/wp-json\/wp\/v2\/pages\/2\/revisions"}],"predecessor-version":[{"id":5408,"href":"https:\/\/jml.kapsi.fi\/jussi\/wp-json\/wp\/v2\/pages\/2\/revisions\/5408"}],"wp:attachment":[{"href":"https:\/\/jml.kapsi.fi\/jussi\/wp-json\/wp\/v2\/media?parent=2"}],"curies":[{"name":"wp","href":"https:\/\/api.w.org\/{rel}","templated":true}]}}