{"id":2668,"date":"2015-02-12T15:39:14","date_gmt":"2015-02-12T13:39:14","guid":{"rendered":"http:\/\/jml.kapsi.fi\/jussi\/?page_id=2668"},"modified":"2019-11-14T12:03:41","modified_gmt":"2019-11-14T10:03:41","slug":"www-julkaisemisen-perusteet","status":"publish","type":"page","link":"https:\/\/jml.kapsi.fi\/jussi\/www-julkaisemisen-perusteet\/","title":{"rendered":"WWW-julkaisemisen perusteet"},"content":{"rendered":"\n<ul class=\"www-julkaiseminen-navi wp-block-list\"><li><span class=\"current\">Etusivu<\/span><\/li><li><a title=\"WWW-julkaisemisen perusteet \u2013 HTML\" href=\"\/jussi\/www-julkaisemisen-perusteet\/www-julkaiseminen-html\/\">HTML<\/a><\/li><li><a title=\"WWW-julkaisemisen perusteet \u2013 CSS\" href=\"\/jussi\/www-julkaisemisen-perusteet\/www-julkaiseminen-css\/\">CSS<\/a><\/li><li><a title=\"WWW-julkaisemisen perusteet \u2013 Design\" href=\"\/jussi\/www-julkaisemisen-perusteet\/www-julkaisemisen-perusteet-design\/\">Design<\/a><\/li><li><a title=\"WWW-julkaisemisen perusteet \u2013 Linkit\" href=\"\/jussi\/www-julkaisemisen-perusteet\/www-julkaisemisen-perusteet-linkit\/\">Linkit<\/a><\/li><\/ul>\n\n\n\n<p><abbr title=\"World Wide Web\">WWW<\/abbr>-julkaisemisen perusteet on kokonaisuus, jossa perehdyt\u00e4\u00e4n <abbr title=\"Hypertext Markup Language\">HTML<\/abbr>-kielen k\u00e4ytt\u00f6\u00f6n WWW-sivujen rakenteen ja sis\u00e4ll\u00f6n m\u00e4\u00e4ritt\u00e4misess\u00e4. Koulutuksessa opetellaan t\u00e4rkeimpi\u00e4 HTML-merkit\u00e4tapoja ja tehd\u00e4\u00e4n (v\u00e4hint\u00e4\u00e4n) kolme yksitt\u00e4ist\u00e4 WWW-sivua sis\u00e4lt\u00e4v\u00e4 sivustopohja. Luoduille sivuille liitet\u00e4\u00e4n ulkoasum\u00e4\u00e4rityksi\u00e4 <abbr title=\"Cascading Style Sheets\">CSS<\/abbr>:n perusm\u00e4\u00e4rityksi\u00e4 k\u00e4ytt\u00e4en. N\u00e4iden tekniikoiden lis\u00e4ksi perehdyt\u00e4\u00e4n WWW-suunnittelun yleisiin periaatteisiin.<\/p>\n\n\n\n<p>Kurssin j\u00e4lkeen osallistuja tuntee www-sivujen rakentamisessa k\u00e4ytett\u00e4vien perustekniikoiden periaatteet ja osaa niiden avulla rakentaa ja yll\u00e4pit\u00e4\u00e4 pienimuotoisia WWW-sivustoja.<\/p>\n\n\n\n<h2 class=\"wp-block-heading\">Millaisen sivuston tekisin?<\/h2>\n\n\n\n<p>Kurssilla teht\u00e4v\u00e4n sivuston aihetta ei ole rajattu, mutta oman motivaation ja oppimisen kannalta olisi hyv\u00e4, jos l\u00f6yt\u00e4sit sivustollesi jonkin itse\u00e4si kiinnostavan aiheen.<\/p>\n\n\n\n<p>Jos et keksi muuta, niin aloita vaikka oman verkkoportfolion ty\u00f6st\u00e4minen. Siit\u00e4 voi olla todellista hy\u00f6ty\u00e4 esimerkiksi ty\u00f6paikkaa hakiessa, kun sinulla on s\u00e4hk\u00f6iseen ty\u00f6hakemukseen liitett\u00e4v\u00e4ksi itse\u00e4si ja osaamistasi esittelev\u00e4n sivuston linkki.<\/p>\n\n\n\n<h2 class=\"wp-block-heading\">T\u00e4m\u00e4n verkkomateriaalin tarkoitus<\/h2>\n\n\n\n<p>T\u00e4m\u00e4 verkkoaineisto on tarkoitettu l\u00e4hiopetuksen tueksi \u2013 ei niink\u00e4\u00e4n itsen\u00e4iseksi opiskelumateriaaliksi. T\u00e4\u00e4lt\u00e4 selvi\u00e4v\u00e4t p\u00e4\u00e4piirteitt\u00e4in ne asiat, jotka k\u00e4ymme l\u00e4pi, ja t\u00e4\u00e4lt\u00e4 l\u00f6ytyy my\u00f6s linkkej\u00e4 syvent\u00e4viin asiakokonaisuuksiin itsen\u00e4isen ty\u00f6skentelyn tueksi.<\/p>\n","protected":false},"excerpt":{"rendered":"<p>Etusivu HTML CSS Design Linkit WWW-julkaisemisen perusteet on kokonaisuus, jossa perehdyt\u00e4\u00e4n HTML-kielen k\u00e4ytt\u00f6\u00f6n WWW-sivujen rakenteen ja sis\u00e4ll\u00f6n m\u00e4\u00e4ritt\u00e4misess\u00e4. Koulutuksessa opetellaan t\u00e4rkeimpi\u00e4 HTML-merkit\u00e4tapoja ja tehd\u00e4\u00e4n (v\u00e4hint\u00e4\u00e4n) kolme yksitt\u00e4ist\u00e4 WWW-sivua sis\u00e4lt\u00e4v\u00e4 sivustopohja. Luoduille sivuille liitet\u00e4\u00e4n ulkoasum\u00e4\u00e4rityksi\u00e4 CSS:n perusm\u00e4\u00e4rityksi\u00e4 k\u00e4ytt\u00e4en. N\u00e4iden tekniikoiden lis\u00e4ksi perehdyt\u00e4\u00e4n WWW-suunnittelun yleisiin periaatteisiin. Kurssin j\u00e4lkeen osallistuja tuntee www-sivujen rakentamisessa k\u00e4ytett\u00e4vien perustekniikoiden periaatteet ja osaa [&hellip;]<\/p>\n","protected":false},"author":2,"featured_media":0,"parent":0,"menu_order":4,"comment_status":"closed","ping_status":"open","template":"","meta":{"footnotes":""},"class_list":["post-2668","page","type-page","status-publish","hentry"],"_links":{"self":[{"href":"https:\/\/jml.kapsi.fi\/jussi\/wp-json\/wp\/v2\/pages\/2668","targetHints":{"allow":["GET"]}}],"collection":[{"href":"https:\/\/jml.kapsi.fi\/jussi\/wp-json\/wp\/v2\/pages"}],"about":[{"href":"https:\/\/jml.kapsi.fi\/jussi\/wp-json\/wp\/v2\/types\/page"}],"author":[{"embeddable":true,"href":"https:\/\/jml.kapsi.fi\/jussi\/wp-json\/wp\/v2\/users\/2"}],"replies":[{"embeddable":true,"href":"https:\/\/jml.kapsi.fi\/jussi\/wp-json\/wp\/v2\/comments?post=2668"}],"version-history":[{"count":7,"href":"https:\/\/jml.kapsi.fi\/jussi\/wp-json\/wp\/v2\/pages\/2668\/revisions"}],"predecessor-version":[{"id":4183,"href":"https:\/\/jml.kapsi.fi\/jussi\/wp-json\/wp\/v2\/pages\/2668\/revisions\/4183"}],"wp:attachment":[{"href":"https:\/\/jml.kapsi.fi\/jussi\/wp-json\/wp\/v2\/media?parent=2668"}],"curies":[{"name":"wp","href":"https:\/\/api.w.org\/{rel}","templated":true}]}}