{"id":2691,"date":"2015-02-13T10:09:45","date_gmt":"2015-02-13T08:09:45","guid":{"rendered":"http:\/\/jml.kapsi.fi\/jussi\/?page_id=2691"},"modified":"2019-11-14T12:05:57","modified_gmt":"2019-11-14T10:05:57","slug":"www-julkaisemisen-perusteet-design","status":"publish","type":"page","link":"https:\/\/jml.kapsi.fi\/jussi\/www-julkaisemisen-perusteet\/www-julkaisemisen-perusteet-design\/","title":{"rendered":"WWW-julkaisemisen perusteet &#8211; Design"},"content":{"rendered":"\n<ul class=\"www-julkaiseminen-navi wp-block-list\"><li><a title=\"WWW-julkaisemisen perusteet\" href=\"\/jussi\/www-julkaisemisen-perusteet\/\">Etusivu<\/a><\/li><li><a title=\"WWW-julkaisemisen perusteet \u2013 HTML\" href=\"\/jussi\/www-julkaisemisen-perusteet\/www-julkaiseminen-html\/\">HTML<\/a><\/li><li><a title=\"WWW-julkaisemisen perusteet \u2013 CSS\" href=\"\/jussi\/www-julkaisemisen-perusteet\/www-julkaiseminen-css\/\">CSS<\/a><\/li><li><span class=\"current\">Design<\/span><\/li><li><a title=\"WWW-julkaisemisen perusteet \u2013 Linkit\" href=\"\/jussi\/www-julkaisemisen-perusteet\/www-julkaisemisen-perusteet-linkit\/\">Linkit<\/a><\/li><\/ul>\n\n\n\n<p>T\u00e4m\u00e4 kurssi ei ole varsinainen design-kurssi, jolla keskitytt\u00e4isiin erityisesti sivujen ulkoasun hiomiseen. Jos kuitenkin noudatat muutamia yleisi\u00e4 periaatteita, saat sivuistasi helposti k\u00e4ytett\u00e4v\u00e4t ja miellytt\u00e4v\u00e4t. Jos onnistut tekem\u00e4\u00e4n ulkoasun, joka ei h\u00e4iritse sivujen k\u00e4ytt\u00f6\u00e4, olet jo saavuttanut paljon.<\/p>\n\n\n\n<h2 class=\"wp-block-heading\">Mieti perusteellisesti sis\u00e4ll\u00f6n jaottelua<\/h2>\n\n\n\n<p>Jaa sis\u00e4lt\u00f6 loogisesti alasivuille, ja tee jokaisesta sivusta sis\u00e4ll\u00f6llisesti yhten\u00e4inen ja selke\u00e4 kokonaisuus. Kun olet saanut sis\u00e4ll\u00f6n valmiiksi, voit rauhassa keskitty\u00e4 ulkoasuun ja mietti\u00e4, kuinka voisit sivuston ulkoasua muokkaamalla tukea ja korostaa esitt\u00e4mi\u00e4si asioita.<\/p>\n\n\n\n<h2 class=\"wp-block-heading\">Pyri aluksi selke\u00e4\u00e4n ja yksinkertaiseen ulkoasuun<\/h2>\n\n\n\n<p>Tee aluksi melko hillitty ulkoasu. K\u00e4yt\u00e4 vain muutamia v\u00e4rej\u00e4, jotka ovat sopusoinnussa kesken\u00e4\u00e4n. Jos heti juutut johonkin ulkoasulliseen ratkaisuun, jonka toteuttaminen viekin paljon aikaa, saattaa sivusto muuten j\u00e4\u00e4d\u00e4 toiminnaltaan vajaaksi. Yrit\u00e4 ajatella ulkoasua sivustolle eksyv\u00e4n vierailijan n\u00e4k\u00f6kulmasta. Viihtyisitk\u00f6 itse t\u00e4llaisella sivustolla?<\/p>\n\n\n\n<h2 class=\"wp-block-heading\">Ota mallia toimivista sivustoista<\/h2>\n\n\n\n<p>Surffaile verkossa, ja kun l\u00f6yd\u00e4t itse\u00e4si miellytt\u00e4v\u00e4n sivuston, tutki, miten se on tehty. N\u00e4in voit l\u00f6yt\u00e4\u00e4 kokeilemisen arvoisia ideoita oman suunnittelusi tueksi.<\/p>\n","protected":false},"excerpt":{"rendered":"<p>Etusivu HTML CSS Design Linkit T\u00e4m\u00e4 kurssi ei ole varsinainen design-kurssi, jolla keskitytt\u00e4isiin erityisesti sivujen ulkoasun hiomiseen. Jos kuitenkin noudatat muutamia yleisi\u00e4 periaatteita, saat sivuistasi helposti k\u00e4ytett\u00e4v\u00e4t ja miellytt\u00e4v\u00e4t. Jos onnistut tekem\u00e4\u00e4n ulkoasun, joka ei h\u00e4iritse sivujen k\u00e4ytt\u00f6\u00e4, olet jo saavuttanut paljon. Mieti perusteellisesti sis\u00e4ll\u00f6n jaottelua Jaa sis\u00e4lt\u00f6 loogisesti alasivuille, ja tee jokaisesta sivusta sis\u00e4ll\u00f6llisesti [&hellip;]<\/p>\n","protected":false},"author":2,"featured_media":0,"parent":2668,"menu_order":3,"comment_status":"closed","ping_status":"open","template":"","meta":{"footnotes":""},"class_list":["post-2691","page","type-page","status-publish","hentry"],"_links":{"self":[{"href":"https:\/\/jml.kapsi.fi\/jussi\/wp-json\/wp\/v2\/pages\/2691","targetHints":{"allow":["GET"]}}],"collection":[{"href":"https:\/\/jml.kapsi.fi\/jussi\/wp-json\/wp\/v2\/pages"}],"about":[{"href":"https:\/\/jml.kapsi.fi\/jussi\/wp-json\/wp\/v2\/types\/page"}],"author":[{"embeddable":true,"href":"https:\/\/jml.kapsi.fi\/jussi\/wp-json\/wp\/v2\/users\/2"}],"replies":[{"embeddable":true,"href":"https:\/\/jml.kapsi.fi\/jussi\/wp-json\/wp\/v2\/comments?post=2691"}],"version-history":[{"count":4,"href":"https:\/\/jml.kapsi.fi\/jussi\/wp-json\/wp\/v2\/pages\/2691\/revisions"}],"predecessor-version":[{"id":4186,"href":"https:\/\/jml.kapsi.fi\/jussi\/wp-json\/wp\/v2\/pages\/2691\/revisions\/4186"}],"up":[{"embeddable":true,"href":"https:\/\/jml.kapsi.fi\/jussi\/wp-json\/wp\/v2\/pages\/2668"}],"wp:attachment":[{"href":"https:\/\/jml.kapsi.fi\/jussi\/wp-json\/wp\/v2\/media?parent=2691"}],"curies":[{"name":"wp","href":"https:\/\/api.w.org\/{rel}","templated":true}]}}