{"id":320,"date":"2009-10-19T11:42:57","date_gmt":"2009-10-19T08:42:57","guid":{"rendered":"http:\/\/jml.kapsi.fi\/jussi\/?page_id=320"},"modified":"2026-03-10T09:02:01","modified_gmt":"2026-03-10T07:02:01","slug":"jussi-linkola-cv","status":"publish","type":"page","link":"https:\/\/jml.kapsi.fi\/jussi\/info\/jussi-linkola-cv\/","title":{"rendered":"Jussi Linkola &#8211; CV"},"content":{"rendered":"\n<div class=\"wp-block-media-text is-stacked-on-mobile has-base-2-background-color has-background\" style=\"border-style:none;border-width:0px;border-top-left-radius:0px;border-top-right-radius:0px;border-bottom-left-radius:0px;border-bottom-right-radius:0px;grid-template-columns:32% auto\"><figure class=\"wp-block-media-text__media\"><img loading=\"lazy\" decoding=\"async\" width=\"1050\" height=\"1050\" src=\"https:\/\/jml.kapsi.fi\/jussi\/wp-content\/uploads\/2026\/03\/JL-Profiili-2025-square4.jpg\" alt=\"\" class=\"wp-image-5377 size-full\" srcset=\"https:\/\/jml.kapsi.fi\/jussi\/wp-content\/uploads\/2026\/03\/JL-Profiili-2025-square4.jpg 1050w, https:\/\/jml.kapsi.fi\/jussi\/wp-content\/uploads\/2026\/03\/JL-Profiili-2025-square4-744x744.jpg 744w, https:\/\/jml.kapsi.fi\/jussi\/wp-content\/uploads\/2026\/03\/JL-Profiili-2025-square4-420x420.jpg 420w, https:\/\/jml.kapsi.fi\/jussi\/wp-content\/uploads\/2026\/03\/JL-Profiili-2025-square4-768x768.jpg 768w\" sizes=\"auto, (max-width: 1050px) 100vw, 1050px\" \/><\/figure><div class=\"wp-block-media-text__content\">\n<p class=\"has-medium-font-size\">Hei, Olen Jussi Linkola, verkkoviestij\u00e4, julkaisemisen sek\u00e4 projekti- ja hankety\u00f6n asiantuntija Helsingist\u00e4. Olen kiinnostunut digity\u00f6kalujen ja viestinn\u00e4n hy\u00f6dynt\u00e4misest\u00e4 vaikuttavan yhteiskehitt\u00e4misen ja oppimisen v\u00e4linein\u00e4.<\/p>\n<\/div><\/div>\n\n\n\n<ul class=\"wp-block-list\">\n<li>S\u00e4hk\u00f6posti: j.linkola@gmail.com<\/li>\n\n\n\n<li><a href=\"https:\/\/www.linkedin.com\/in\/linkola\/\">LinkedIn-profiili<\/a><\/li>\n<\/ul>\n\n\n\n<h2 class=\"wp-block-heading has-text-align-center has-background\" style=\"background:radial-gradient(rgb(251,252,255) 0%,rgb(238,240,252) 100%)\">Ty\u00f6kokemus<\/h2>\n\n\n\n<h3 class=\"wp-block-heading\">Asiantuntija, verkkoviestint\u00e4 \u2013 [2025\u2013]<\/h3>\n\n\n\n<p>Metropolia Ammattikorkeakoulu, Helsinki<\/p>\n\n\n\n<p>Hankeviestint\u00e4- ja julkaisupalvelut -tiimi. <a href=\"https:\/\/metrospektiivi.metropolia.fi\/\">Metrospektiivi-verkkomedian<\/a> tekninen p\u00e4\u00e4k\u00e4ytt\u00e4j\u00e4 ja toimituskunnan j\u00e4sen, TKI-hankkeiden verkkosivujen toteutus ja yll\u00e4pito, sis\u00e4ll\u00f6ntuotannon ja hankeviestinn\u00e4n tukeminen ja toteutus, perehdytt\u00e4minen.<\/p>\n\n\n\n<h3 class=\"wp-block-heading\">Projektisuunnittelija \/ tuntiopettaja \/ asiantuntijalehtori \u2013 [2021\u20132025]<\/h3>\n\n\n\n<p>Metropolia Ammattikorkeakoulu, Helsinki<\/p>\n\n\n\n<h4 class=\"wp-block-heading\">Asiantuntijalehtori Uraohjain+-hankkeessa (ESR+, 2023\u20132025)<\/h4>\n\n\n\n<ul class=\"wp-block-list\">\n<li>Media-alan kehitys- ja koordinointivastuu uraohjauspalvelun kehitt\u00e4misess\u00e4.<\/li>\n\n\n\n<li>Tiedon tuottaminen media-alan osaamistarpeista ja tulevaisuuden n\u00e4kymist\u00e4 (<a href=\"https:\/\/jml.kapsi.fi\/jussi\/tag\/uraohjain\/\">tekem\u00e4ni julkaisut ja raportit<\/a>).<\/li>\n\n\n\n<li>Uraohjaus (n. 50 uraohjauskeskustelua media-alan ty\u00f6nhakijoille), viestint\u00e4.<\/li>\n<\/ul>\n\n\n\n<h4 class=\"wp-block-heading\">Viestint\u00e4asiantuntija Hytke \u2013 Kest\u00e4v\u00e4\u00e4 hyvinvointia yhdess\u00e4 tutkimalla ja kehitt\u00e4m\u00e4ll\u00e4 -hankkeessa (OKM:n profilointirahoitus, 2021\u20132024)<\/h4>\n\n\n\n<ul class=\"wp-block-list\">\n<li>Hankeviestint\u00e4, verkkosivut ja viestint\u00e4kanavat.<\/li>\n\n\n\n<li>Julkaisutoimitus, podcast-tuotanto (\u00e4\u00e4nitys, editointi, litterointi), yhteiskehitt\u00e4minen.<\/li>\n\n\n\n<li><a href=\"https:\/\/hytke.metropolia.fi\/\">Hytke-verkkosivut<\/a>, <a href=\"https:\/\/www.metropolia.fi\/fi\/tutkimus-kehitys-ja-innovaatiot\/julkaisut\/tulevaisuusvaikuttava-tki-kumppanuus\">Tulevaisuusvaikuttava TKI-kumppanuus -verkkojulkaisun tekninen toteutus<\/a>, <a href=\"https:\/\/hytke.metropolia.fi\/2024\/01\/04\/tulevaisuusareena-podcastsarja-on-julkaistu\/\">Tulevaisuusareena-podcastin jaksot<\/a>.<\/li>\n<\/ul>\n\n\n\n<h3 class=\"wp-block-heading\">Projektip\u00e4\u00e4llikk\u00f6 \u2013 [2018\u20132021]<\/h3>\n\n\n\n<p>Metropolia Ammattikorkeakoulu, Helsinki<\/p>\n\n\n\n<h4 class=\"wp-block-heading\">Projektip\u00e4\u00e4llikk\u00f6 Oiva &#8211; Oman osaamisen tunnistaminen ja soveltaminen uusissa ammattikonteksteissa -hankkeessa (ESR, 20218\u20132021)<\/h4>\n\n\n\n<ul class=\"wp-block-list\">\n<li>Hankkeen sis\u00e4ll\u00f6llinen vastuu, vastuu projekti- ja ohjausryhm\u00e4st\u00e4, taloudellinen vastuu, vastuu tuloksista ja aikataulusta, yhteiskehittelyn johtaminen. <\/li>\n\n\n\n<li>Viestint\u00e4, <a href=\"https:\/\/www.oivaosaaminen.fi\/\">Oiva-verkkosivujen<\/a> toteutus ja yll\u00e4pito.<\/li>\n\n\n\n<li><a href=\"https:\/\/www.uraloikka.fi\/kasikirjan-tausta\/monialaisen-yhteiskehittamisen-toimintamalli\/\">Monialaisen yhteiskehitt\u00e4misen toimintamalli<\/a>.<\/li>\n\n\n\n<li>Hankkeen budjetti: 1 044 129 euroa, kumppanit: Metropolia, Lapin AMK, Turun AMK, H\u00e4meen AMK, Sein\u00e4joen AMK.<\/li>\n<\/ul>\n\n\n\n<h4 class=\"wp-block-heading\">Koordinaattori ja tiedottaja Virtual Writers&#8217; Room -hankkeessa (6Aika\/ESR+, 2018\u20132021)<\/h4>\n\n\n\n<ul class=\"wp-block-list\">\n<li>Viestint\u00e4, <a href=\"https:\/\/vwr.metropolia.fi\/\">VWR-verkkosivujen<\/a> toteutus ja yll\u00e4pito. Sis\u00e4ll\u00f6ntuotanto, tiedottaminen ja tapahtumatuotanto. Koordinointi ja raportointi.<\/li>\n<\/ul>\n\n\n\n<h4 class=\"wp-block-heading\">Communication Specialist Healthy Boost -hankkeessa (Interreg Baltic Sea Region, 2019\u20132021).<\/h4>\n\n\n\n<ul class=\"wp-block-list\">\n<li>Viestint\u00e4, yhteiskehitt\u00e4minen kansainv\u00e4lisen projektitiimin (Viro, Latvia, Liettua, Puola, Ven\u00e4j\u00e4, Ruotsi &amp; Suomi) kanssa.<\/li>\n<\/ul>\n\n\n\n<h3 class=\"wp-block-heading\">Projektisuunnittelija \/ tuntiopettaja \u2013 [2008\u20132018]<\/h3>\n\n\n\n<p>Metropolia Ammattikorkeakoulu, Helsinki<\/p>\n\n\n\n<ul class=\"wp-block-list\">\n<li>Tutkimus- ja kehitt\u00e4mishankety\u00f6, projektien ja hankkeiden suunnittelu, toteuttaminen ja hankeviestint\u00e4.<\/li>\n\n\n\n<li>Verkkoviestinn\u00e4n suunnittelu ja toteutus eri verkkoalustoja hy\u00f6dynt\u00e4en sis\u00e4isen, ulkoisen ja yhteistoiminnallisen viestinn\u00e4n n\u00e4k\u00f6kulmasta.<\/li>\n\n\n\n<li>Oppimateriaalien tuottaminen.<\/li>\n\n\n\n<li><a href=\"https:\/\/blogit.metropolia.fi\/tikissa\/\">Tikiss\u00e4-blogin<\/a> toimitusty\u00f6.<\/li>\n\n\n\n<li>Verkkoviestint\u00e4\u00e4n liittyv\u00e4 luennointi ja opetus sek\u00e4 t\u00e4ydennyskoulutus.<\/li>\n\n\n\n<li>WWW-julkaisemisen, verkkosivujen tekemisen, WordPress-julkaisualustan ja konseptisuunnittelun opetus.<\/li>\n<\/ul>\n\n\n\n<h3 class=\"wp-block-heading\">Tietoverkkoasiantuntija \u2013 [2000\u20132007]<\/h3>\n\n\n\n<p>Elisa Oyj, Helsinki<\/p>\n\n\n\n<ul class=\"wp-block-list\">\n<li>Yritysasiakkaiden Internetpalvelujen tilaustoimitukset, domain-nimien rekister\u00f6inti ja eri domain-p\u00e4\u00e4tteisiin ja -my\u00f6nt\u00e4jiin liittyv\u00e4 konsultointi.<\/li>\n\n\n\n<li>Nimipalvelun yll\u00e4pito Elisa Internetin nimipalvelimilla. konsultointi s\u00e4hk\u00f6postipalvelujen, WWW:n ja muiden Internet-palvelujen m\u00e4\u00e4rityksiin, k\u00e4ytt\u00f6\u00f6nottoon ja toimintaan liittyen.<\/li>\n\n\n\n<li>Tiimini ty\u00f6h\u00f6n liittyvi\u00e4 s\u00e4\u00e4nt\u00f6j\u00e4 ja ohjeistuksia sis\u00e4lt\u00e4v\u00e4n intranetin rakentaminen ja yll\u00e4pito.<\/li>\n<\/ul>\n\n\n\n<h2 class=\"wp-block-heading has-text-align-center has-background\" style=\"background:radial-gradient(rgb(251,252,255) 0%,rgb(238,240,252) 100%)\">Koulutus<\/h2>\n\n\n\n<h3 class=\"wp-block-heading has-text-align-center has-contrast-5-background-color has-background\">Tutkinnot<\/h3>\n\n\n\n<h4 class=\"wp-block-heading\">Tuotekehitysty\u00f6n erikoisammattitutkinto &#8211; [2015\u20132016]<\/h4>\n\n\n\n<p>Koulutuskeskus Salpaus, Tamora Oy ja Metropolia Ammattikorkeakoulu.<br><a href=\"http:\/\/jml.kapsi.fi\/jussi\/category\/digieat\/\">Koulutukseen liittyv\u00e4t blogimerkinn\u00e4t<\/a>.<\/p>\n\n\n\n<h4 class=\"wp-block-heading\">Medianomi (ylempi AMK) &#8211; [2011\u20132012]<\/h4>\n\n\n\n<p>Mediatuottamisen koulutusohjelma, Metropolia Ammattikorkeakoulu, kulttuuri ja luova ala.<br><a href=\"http:\/\/jml.kapsi.fi\/jussi\/category\/media-yamk\/\">Koulutukseen liittyv\u00e4t blogimerkinn\u00e4t<\/a>.<\/p>\n\n\n\n<h4 class=\"wp-block-heading\">Medianomi \u2013 [2004\u20132007]<\/h4>\n\n\n\n<p>Verkkoviestint\u00e4, Helsingin ammattikorkeakoulu Stadia, kulttuuri ja luova ala.<\/p>\n\n\n\n<h4 class=\"wp-block-heading\">Merkonomi \u2013 [1995\u20131997]<\/h4>\n\n\n\n<p>ATK-suuntautuminen, Helsingin kauppaoppilaitos, Helsinki.<\/p>\n\n\n\n<h4 class=\"wp-block-heading\">Ylioppilastutkinto \u2013 [1991]<\/h4>\n\n\n\n<p>Linnan lukio, Kajaani.<\/p>\n\n\n\n<h4 class=\"wp-block-heading\">Lukio \u2013 [1988\u20131991]<\/h4>\n\n\n\n<p>Kuvaamataitopainotteinen, Linnan lukio, Kajaani.<\/p>\n\n\n\n<h3 class=\"wp-block-heading has-text-align-center has-contrast-5-background-color has-background\">Muut opinnot, kurssit jne.<\/h3>\n\n\n\n<h4 class=\"wp-block-heading\">Logistiikan ja toimitusketjun hallinnan perusteet (5 op) \u2013 [2024]<\/h4>\n\n\n\n<p>Metropolia Ammattikorkeakoulun avoimen AMK:n kurssi.<\/p>\n\n\n\n<h4 class=\"wp-block-heading\">Saavutettavuuden arviointi omatoimisesti \u2013 [2024]<\/h4>\n\n\n\n<p>Corellia Oy:n tuottama koko p\u00e4iv\u00e4n koulutus verkkosivujen saavutettavuuden arvioinnista. Kouluttaja: Kari Selovuo.<\/p>\n\n\n\n<h4 class=\"wp-block-heading\">PMAF Project Management Foundation -sertifikaatti \u2013 [2020]<\/h4>\n\n\n\n<p>PMAF Project Management Foundationin sertifikaatti Projektin johdon p\u00e4tevyys 3.0 -sis\u00e4lt\u00f6jen hallinnasta.<\/p>\n\n\n\n<h4 class=\"wp-block-heading\">Saavutettavat asiakirjat verkossa -koulutus \u2013 [2020]<\/h4>\n\n\n\n<p><a href=\"https:\/\/eoppiva.fi\/kurssit\/saavutettavat-asiakirjat-verkossa\/\">Celian ja eOppivan tuottama verkkokurssi<\/a>.<\/p>\n\n\n\n<h4 class=\"wp-block-heading\">Vertaisryhm\u00e4mentorointi (verme) \u2013 [2019]<\/h4>\n\n\n\n<p>3AMK:n (Haaga-Helia, Laurea ja Metropolia) projektip\u00e4\u00e4llik\u00f6ille suunnattu vertaismentorointiprosessi.<\/p>\n\n\n\n<h4 class=\"wp-block-heading\">Scrum Express \u2013 [2013]<\/h4>\n\n\n\n<p>P\u00e4iv\u00e4n koulutus, jossa perehdyttiin <a href=\"https:\/\/www.scrum.org\/Resources\/What-is-Scrum\">Scrum-menetelm\u00e4\u00e4n<\/a> ketter\u00e4n projektinhallinnan piirteisiin. Kouluttaja: <a href=\"http:\/\/larelekman.com\/lare\/\">Lare Lekman<\/a>.<\/p>\n\n\n\n<h4 class=\"wp-block-heading\">Fasilitointi &#8211; Toiminnan konkretisointi ja prosessien rakentaminen \u2013 [2012]<\/h4>\n\n\n\n<p>Koko p\u00e4iv\u00e4n koulutus &#8211; Kuinka fasilitoivilla menetelmill\u00e4 tuotetuista ideoista rakennetaan konkreettinen toiminta- ja seurantasuunnitelma vastuuhenkil\u00f6ineen. K\u00e4siteltiin my\u00f6s vaikeista ryhm\u00e4tilanteista selvi\u00e4mist\u00e4. Kouluttaja: Kari Kukkola, <a href=\"http:\/\/www.grapepeople.fi\/\">Grape People Finland Oy<\/a>.<\/p>\n\n\n\n<h4 class=\"wp-block-heading\">Fasilitointi &#8211; Ideointity\u00f6kalut ja fasilitaattorin kompetenssit \u2013 [2012]<\/h4>\n\n\n\n<p>Puolen p\u00e4iv\u00e4n koulutus &#8211; Miten ryhm\u00e4n saa tuottamaan ideoita? Luovan ajattelun edist\u00e4minen ryhm\u00e4ss\u00e4, luovan ongelmanratkaisun prosessi, miten valita parhaat ideat, fasilitoinnin kompetenssit. Kouluttaja: Kari Kukkola, <a href=\"http:\/\/www.grapepeople.fi\/\">Grape People Finland Oy<\/a>.<\/p>\n\n\n\n<h4 class=\"wp-block-heading\">Fasilitoinnin perusteet \u2013 [2012]<\/h4>\n\n\n\n<p>Koko p\u00e4iv\u00e4n koulutus &#8211; Mit\u00e4 on fasilitointi ja millaista roolia se minulta edellytt\u00e4\u00e4? Miksi fasilitoida ja mihin se voi johtaa? Miten aloitan ty\u00f6pajan siten, ett\u00e4 kaikki innostuvat osallistumaan? Kouluttaja: Kari Kukkola, <a href=\"http:\/\/www.grapepeople.fi\/\">Grape People Finland Oy<\/a>.<\/p>\n\n\n\n<h4 class=\"wp-block-heading\">Tunteella! &#8211; Voimaa tekemiseen \u2013 [2012]<\/h4>\n\n\n\n<p>Luento &#8211; Tunteet vaikuttavat kaikkeen tekemiseemme ratkaisevasti. Mutta mitk\u00e4 tunteet ja miten? Luennoitsija: Jarkko Rantanen, Claro Oy<\/p>\n\n\n\n<h4 class=\"wp-block-heading\">Vuoroin vaikuttamassa &#8211; Vahvista vuorovaikutustaitojasi \u2013 [2012]<\/h4>\n\n\n\n<p>Luento &#8211; Vastuullinen vuorovaikutus ja ty\u00f6yhteis\u00f6n kehitt\u00e4minen sek\u00e4 hyvinvointi, tiimin j\u00e4senten tukeminen ja oma ty\u00f6ss\u00e4 jaksaminen. Luennoitsija: Sirkka Mertala.<\/p>\n\n\n\n<h4 class=\"wp-block-heading\">Projektin johtaminen ja projektiviestint\u00e4 \u2013 [2010]<\/h4>\n\n\n\n<p>Yksip\u00e4iv\u00e4inen koulutus Metropolia Ammattikorkeakoulun projektihenkil\u00f6st\u00f6lle. Kouluttaja: Kai Ruuska Prodictor Oy.<\/p>\n\n\n\n<h4 class=\"wp-block-heading\">Vapaiden ja avointen oppiresurssien tuottaminen \u2013 [2009]<\/h4>\n\n\n\n<p><a href=\"http:\/\/fi.wikiversity.org\/wiki\/Vapaiden_ja_avointen_oppiresurssien_tuottaminen\">Wikiopiston<\/a> kymmenviikkoinen kurssi. Opettajat: Jukka Purma, Tarmo Toikkanen ja Teemu Leinonen.<br><a href=\"http:\/\/jml.kapsi.fi\/jussi\/category\/avokurssi\/\">Kurssiin liittyv\u00e4t blogimerkinn\u00e4t<\/a>.<\/p>\n\n\n\n<h4 class=\"wp-block-heading\">Teaching Multicultural Groups \u2013 [2009]<\/h4>\n\n\n\n<p>Monikulttuuristen ryhmien opettajille ja muille kulttuurienv\u00e4lisest\u00e4 kompetenssista kiinnostuneille suunnattu kurssi. Kouluttaja:<br>Dr. Lorna Roberts, Research Fellow, Education and Social Research<br>Institute, Manchester Metropolitan University, England.<\/p>\n\n\n\n<h2 class=\"wp-block-heading has-text-align-center has-background\" style=\"background:radial-gradient(rgb(251,252,255) 0%,rgb(238,240,252) 100%)\">Kielitaito<\/h2>\n\n\n\n<p><strong>\u00c4idinkieli: Suomi<\/strong><\/p>\n\n\n\n<h3 class=\"wp-block-heading\">Muut kielet<\/h3>\n\n\n\n<ul class=\"wp-block-list\">\n<li>Englanti, erinomaiset luku-, kirjoitus- ja puhetaidot.<\/li>\n\n\n\n<li>Ruotsi, hyv\u00e4t lukutaidot, perustason kirjoitus- ja puhetaidot.<\/li>\n<\/ul>\n\n\n\n<h2 class=\"wp-block-heading has-text-align-center has-background\" style=\"background:radial-gradient(rgb(251,252,255) 0%,rgb(238,240,252) 100%)\">Tekninen osaaminen<\/h2>\n\n\n\n<ul class=\"wp-block-list\">\n<li>Erinomaiset taidot ja monipuolinen osaaminen verkkojulkaisemisessa.<\/li>\n\n\n\n<li>Erinomaiset taidot ja kokemus HTML:st\u00e4, CSS:st\u00e4 ja WWW-sivujen tekemisest\u00e4. Perustaidot PHP:st\u00e4 ja MySQL:st\u00e4.<\/li>\n\n\n\n<li>Erinomaiset taidot ja kokemus WordPress-julkaisuohjelmiston k\u00e4yt\u00f6st\u00e4 monipuolissa viestint\u00e4teht\u00e4viss\u00e4.<\/li>\n\n\n\n<li>Erinomaiset taidot Moodle-verkko-oppimisymp\u00e4rist\u00f6st\u00e4.<\/li>\n\n\n\n<li>Erinomaiset taidot ja kokemus lukuisista sosiaalisen median -palveluista, ty\u00f6kaluista ja tekniikoista. Pitk\u00e4 kokemus n\u00e4iden v\u00e4lineiden hy\u00f6dynt\u00e4misest\u00e4 erilaisissa viestinn\u00e4llisiss\u00e4 ja yhteistoiminnallisissa k\u00e4ytt\u00f6tarkoituksissa.<\/li>\n\n\n\n<li>Erinomaiset yleiset tietokonetaidot. Windows ja Mac -k\u00e4ytty\u00f6j\u00e4rjestelmien ja yleisten toimisto-ohjelmistojen ja ty\u00f6kalujen hallinta.<\/li>\n\n\n\n<li>Erinomaiset taidot Garageband-audio-ohjelmasta, esim. podcast- ja musiikkituotanto.<\/li>\n\n\n\n<li>Hyv\u00e4t taidot ja kokemus Unix-k\u00e4ytt\u00f6j\u00e4rjestelmist\u00e4.<\/li>\n\n\n\n<li>Hyv\u00e4t taidot digitaalisessa valokuvauksessa ja videokuvauksessa.<\/li>\n\n\n\n<li>Hyv\u00e4t taidot Adobe Photoshop kuvank\u00e4sittelyohjelman k\u00e4yt\u00f6ss\u00e4.<\/li>\n\n\n\n<li>Hyv\u00e4t taidot Adobe Premiere Pro -videoeditointiohjelman k\u00e4yt\u00f6ss\u00e4.<\/li>\n<\/ul>\n\n\n\n<h2 class=\"wp-block-heading has-text-align-center has-background\" style=\"background:radial-gradient(rgb(251,252,255) 0%,rgb(238,240,252) 100%)\">Luottamustoimet<\/h2>\n\n\n\n<p><a href=\"https:\/\/www.reijorautauomansaatio.fi\/\">Reijo Rautauoman s\u00e4\u00e4ti\u00f6 sr<\/a>, hallituksen j\u00e4sen [2023\u2013]<\/p>\n\n\n\n<h2 class=\"wp-block-heading has-text-align-center has-background\" style=\"background:radial-gradient(rgb(251,252,255) 0%,rgb(238,240,252) 100%)\">Muuta osaamista ja kiinnostuksen kohteita<\/h2>\n\n\n\n<ul class=\"wp-block-list\">\n<li>Olen aktiivinen ja taitava kirjoittaja, ilmaisen asiat ymm\u00e4rrett\u00e4v\u00e4sti ja t\u00e4sm\u00e4llisesti.<\/li>\n\n\n\n<li>Musiikki on intohimoni, erityisesti pid\u00e4n laulamisesta sek\u00e4 steel-kitaran, ukulelen ja huuliharpun soitosta.<\/li>\n\n\n\n<li>Hikoilen ja heng\u00e4styn py\u00f6r\u00e4ilem\u00e4ll\u00e4, juoksemalla, uimalla ja ulkoiluttamalla basenji-koiraamme.<\/li>\n\n\n\n<li>Nautin visuaalisesta ilmaisusta maalaustaiteen, valokuvien, kuvanveiston, arkkitehtuurin, grafiikan ja muotoilun alueilla.<\/li>\n\n\n\n<li>Innostun valtavasti kunnon shakkimatsista.<\/li>\n<\/ul>\n\n\n\n<h4 class=\"wp-block-heading\">Ajokortti<\/h4>\n\n\n\n<p>Luokka-B<\/p>\n\n\n\n<p><\/p>\n","protected":false},"excerpt":{"rendered":"<p>Hei, Olen Jussi Linkola, verkkoviestij\u00e4, julkaisemisen sek\u00e4 projekti- ja hankety\u00f6n asiantuntija Helsingist\u00e4. Olen kiinnostunut digity\u00f6kalujen ja viestinn\u00e4n hy\u00f6dynt\u00e4misest\u00e4 vaikuttavan yhteiskehitt\u00e4misen ja oppimisen v\u00e4linein\u00e4. Ty\u00f6kokemus Asiantuntija, verkkoviestint\u00e4 \u2013 [2025\u2013] Metropolia Ammattikorkeakoulu, Helsinki Hankeviestint\u00e4- ja julkaisupalvelut -tiimi. Metrospektiivi-verkkomedian tekninen p\u00e4\u00e4k\u00e4ytt\u00e4j\u00e4 ja toimituskunnan j\u00e4sen, TKI-hankkeiden verkkosivujen toteutus ja yll\u00e4pito, sis\u00e4ll\u00f6ntuotannon ja hankeviestinn\u00e4n tukeminen ja toteutus, perehdytt\u00e4minen. Projektisuunnittelija \/ [&hellip;]<\/p>\n","protected":false},"author":2,"featured_media":0,"parent":2,"menu_order":0,"comment_status":"closed","ping_status":"closed","template":"","meta":{"footnotes":""},"class_list":["post-320","page","type-page","status-publish","hentry"],"_links":{"self":[{"href":"https:\/\/jml.kapsi.fi\/jussi\/wp-json\/wp\/v2\/pages\/320","targetHints":{"allow":["GET"]}}],"collection":[{"href":"https:\/\/jml.kapsi.fi\/jussi\/wp-json\/wp\/v2\/pages"}],"about":[{"href":"https:\/\/jml.kapsi.fi\/jussi\/wp-json\/wp\/v2\/types\/page"}],"author":[{"embeddable":true,"href":"https:\/\/jml.kapsi.fi\/jussi\/wp-json\/wp\/v2\/users\/2"}],"replies":[{"embeddable":true,"href":"https:\/\/jml.kapsi.fi\/jussi\/wp-json\/wp\/v2\/comments?post=320"}],"version-history":[{"count":107,"href":"https:\/\/jml.kapsi.fi\/jussi\/wp-json\/wp\/v2\/pages\/320\/revisions"}],"predecessor-version":[{"id":5430,"href":"https:\/\/jml.kapsi.fi\/jussi\/wp-json\/wp\/v2\/pages\/320\/revisions\/5430"}],"up":[{"embeddable":true,"href":"https:\/\/jml.kapsi.fi\/jussi\/wp-json\/wp\/v2\/pages\/2"}],"wp:attachment":[{"href":"https:\/\/jml.kapsi.fi\/jussi\/wp-json\/wp\/v2\/media?parent=320"}],"curies":[{"name":"wp","href":"https:\/\/api.w.org\/{rel}","templated":true}]}}