{"id":3999,"date":"2021-11-23T15:49:20","date_gmt":"2021-11-23T13:49:20","guid":{"rendered":"http:\/\/jml.kapsi.fi\/jussi\/?page_id=3999"},"modified":"2025-03-25T15:35:00","modified_gmt":"2025-03-25T13:35:00","slug":"tietosuojaseloste","status":"publish","type":"page","link":"https:\/\/jml.kapsi.fi\/jussi\/tietosuojaseloste\/","title":{"rendered":"Tietosuojaseloste"},"content":{"rendered":"\n<p>T\u00e4m\u00e4 on Tarkkaamo-blogi-verkkosivuston tietosuojaseloste. Sivuston osoite on: http:\/\/jml.kapsi.fi\/jussi ja sivustoa yll\u00e4pit\u00e4\u00e4 <a href=\"https:\/\/jml.kapsi.fi\/jussi\/info\/\" data-type=\"page\" data-id=\"2\">Jussi Linkola<\/a>.<\/p>\n\n\n\n<h2 class=\"wp-block-heading\">Mit\u00e4 henkil\u00f6tietoa sivusto ker\u00e4\u00e4 ja miksi<\/h2>\n\n\n\n<h3 class=\"wp-block-heading\">Kommentit<\/h3>\n\n\n\n<p>Kun vierailijat j\u00e4tt\u00e4v\u00e4t kommentin t\u00e4lle sivustolle, ker\u00e4t\u00e4\u00e4n tieto, joka on n\u00e4kyviss\u00e4 kommentointikentiss\u00e4, IP-osoite sek\u00e4 selaimen versioon liittyv\u00e4t tiedot. S\u00e4hk\u00f6postiosoitteesta luotu anonymisoitu hajautustieto (hash) voidaan l\u00e4hett\u00e4\u00e4 Gravatar-palveluun, jotta tiedet\u00e4\u00e4n onko kommentoija palvelun k\u00e4ytt\u00e4j\u00e4. Gravatar-palvelun tietosuojaseloste l\u00f6ytyy osoitteesta <a href=\"https:\/\/automattic.com\/privacy\/\">https:\/\/automattic.com\/privacy\/<\/a><\/p>\n\n\n\n<h3 class=\"wp-block-heading\">Ev\u00e4steet<\/h3>\n\n\n\n<p>Jos j\u00e4t\u00e4t kommentin sivustolle, voit valita nimen, s\u00e4hk\u00f6postiosoitteen ja url-osoitteen tallennuksen ev\u00e4steeseen. T\u00e4m\u00e4 toiminto lis\u00e4\u00e4 k\u00e4ytt\u00f6mukavuutta, koska lomaketta ei tarvitse t\u00e4ytt\u00e4\u00e4 jokaisella kerralla uudelleen kommenttia lis\u00e4tess\u00e4. Ev\u00e4stetieto poistetaan selaimesta vuoden kuluttua.<\/p>\n\n\n\n<h3 class=\"wp-block-heading\">Muilta sivustoilta upotettu sis\u00e4lt\u00f6<\/h3>\n\n\n\n<p>T\u00e4m\u00e4n sivuston artikkelit voivat sis\u00e4lt\u00e4\u00e4 upotettua sis\u00e4lt\u00f6\u00e4 (esimerkiksi videoita, kuvia, artikkeleita jne.). Toisilta sivustoilta tuodun upotetun sis\u00e4ll\u00f6n avaaminen on verrattavissa siihen, ett\u00e4 vierailija itse k\u00e4visi kolmannen osapuolen sivustolla.<\/p>\n\n\n\n<p>N\u00e4m\u00e4 sivustot voivat ker\u00e4t\u00e4 tietoa sinusta, k\u00e4ytt\u00e4\u00e4 ev\u00e4steit\u00e4, upottaa kolmannen osapuolen seurantaev\u00e4steit\u00e4 ja monitoroida vuorovaikutustasi upotetun sis\u00e4ll\u00f6n kanssa, mukaan lukien vuorovaikutuksen seuranta jos ja kun olet kirjautunut k\u00e4ytt\u00e4j\u00e4n\u00e4 sivustolle.<\/p>\n\n\n\n<h3 class=\"wp-block-heading\">Analytiikka<\/h3>\n\n\n\n<p>Sivuston sivujen k\u00e4yt\u00f6st\u00e4 tallentuu anonyymi\u00e4 seurantatietoa. K\u00e4ytt\u00e4jist\u00e4 ei tallennu t\u00e4ss\u00e4 yhteydess\u00e4 mit\u00e4\u00e4n tunnistetietoja.<\/p>\n\n\n\n<h2 class=\"wp-block-heading\">Tietojen jakaminen<\/h2>\n\n\n\n<p>K\u00e4ytt\u00e4jist\u00e4 tallennettuja, yll\u00e4 mainittuja tietoja ei jaeta kenellek\u00e4\u00e4n.<\/p>\n\n\n\n<h2 class=\"wp-block-heading\">Tietojen s\u00e4ilytt\u00e4minen<\/h2>\n\n\n\n<p>Mik\u00e4li j\u00e4t\u00e4t kommentin, kommenttia ja sen metatietoa s\u00e4ilytet\u00e4\u00e4n toistaiseksi.<\/p>\n\n\n\n<h2 class=\"wp-block-heading\">Mit\u00e4 oikeuksia sinulla on omaan tietoosi<\/h2>\n\n\n\n<p>Mik\u00e4li olet j\u00e4tt\u00e4nyt kommentteja, voit pyyt\u00e4\u00e4 koostetiedostoa omista henkil\u00f6tiedoistasi, sis\u00e4lt\u00e4en kaiken henkil\u00f6tiedon, jonka olet antanut. Voit my\u00f6s pyyt\u00e4\u00e4 henkil\u00f6tietojesi poistoa.<\/p>\n","protected":false},"excerpt":{"rendered":"<p>T\u00e4m\u00e4 on Tarkkaamo-blogi-verkkosivuston tietosuojaseloste. Sivuston osoite on: http:\/\/jml.kapsi.fi\/jussi ja sivustoa yll\u00e4pit\u00e4\u00e4 Jussi Linkola. Mit\u00e4 henkil\u00f6tietoa sivusto ker\u00e4\u00e4 ja miksi Kommentit Kun vierailijat j\u00e4tt\u00e4v\u00e4t kommentin t\u00e4lle sivustolle, ker\u00e4t\u00e4\u00e4n tieto, joka on n\u00e4kyviss\u00e4 kommentointikentiss\u00e4, IP-osoite sek\u00e4 selaimen versioon liittyv\u00e4t tiedot. S\u00e4hk\u00f6postiosoitteesta luotu anonymisoitu hajautustieto (hash) voidaan l\u00e4hett\u00e4\u00e4 Gravatar-palveluun, jotta tiedet\u00e4\u00e4n onko kommentoija palvelun k\u00e4ytt\u00e4j\u00e4. Gravatar-palvelun tietosuojaseloste l\u00f6ytyy [&hellip;]<\/p>\n","protected":false},"author":2,"featured_media":0,"parent":0,"menu_order":0,"comment_status":"closed","ping_status":"closed","template":"","meta":{"footnotes":""},"class_list":["post-3999","page","type-page","status-publish","hentry"],"_links":{"self":[{"href":"https:\/\/jml.kapsi.fi\/jussi\/wp-json\/wp\/v2\/pages\/3999","targetHints":{"allow":["GET"]}}],"collection":[{"href":"https:\/\/jml.kapsi.fi\/jussi\/wp-json\/wp\/v2\/pages"}],"about":[{"href":"https:\/\/jml.kapsi.fi\/jussi\/wp-json\/wp\/v2\/types\/page"}],"author":[{"embeddable":true,"href":"https:\/\/jml.kapsi.fi\/jussi\/wp-json\/wp\/v2\/users\/2"}],"replies":[{"embeddable":true,"href":"https:\/\/jml.kapsi.fi\/jussi\/wp-json\/wp\/v2\/comments?post=3999"}],"version-history":[{"count":6,"href":"https:\/\/jml.kapsi.fi\/jussi\/wp-json\/wp\/v2\/pages\/3999\/revisions"}],"predecessor-version":[{"id":5260,"href":"https:\/\/jml.kapsi.fi\/jussi\/wp-json\/wp\/v2\/pages\/3999\/revisions\/5260"}],"wp:attachment":[{"href":"https:\/\/jml.kapsi.fi\/jussi\/wp-json\/wp\/v2\/media?parent=3999"}],"curies":[{"name":"wp","href":"https:\/\/api.w.org\/{rel}","templated":true}]}}